{"id":571,"date":"2024-11-25T19:21:00","date_gmt":"2024-11-25T19:21:00","guid":{"rendered":"https:\/\/biotechholland.com\/?page_id=571"},"modified":"2024-11-25T20:22:14","modified_gmt":"2024-11-25T20:22:14","slug":"impact-on-the-community","status":"publish","type":"page","link":"https:\/\/biotechholland.com\/fr\/impact-on-the-community\/","title":{"rendered":"Impact sur la communaut\u00e9"},"content":{"rendered":"<style>.elementor-571 .elementor-element.elementor-element-52e7706d{--display:flex;--margin-top:72px;--margin-bottom:0px;--margin-left:0px;--margin-right:0px;}.elementor-571 .elementor-element.elementor-element-52e7706d.e-con{--flex-grow:0;--flex-shrink:0;}.elementor-widget-text-editor{font-family:var( --e-global-typography-text-font-family ), Sans-serif;font-weight:var( --e-global-typography-text-font-weight );color:var( --e-global-color-text );}.elementor-widget-text-editor.elementor-drop-cap-view-stacked .elementor-drop-cap{background-color:var( --e-global-color-primary );}.elementor-widget-text-editor.elementor-drop-cap-view-framed .elementor-drop-cap, .elementor-widget-text-editor.elementor-drop-cap-view-default .elementor-drop-cap{color:var( --e-global-color-primary );border-color:var( --e-global-color-primary );}.elementor-571 .elementor-element.elementor-element-48f48b9c{width:var( --container-widget-width, 136.912% );max-width:136.912%;--container-widget-width:136.912%;--container-widget-flex-grow:0;text-align:center;font-family:\"Roboto\", Sans-serif;font-weight:400;}.elementor-571 .elementor-element.elementor-element-48f48b9c.elementor-element{--flex-grow:0;--flex-shrink:0;}.elementor-571 .elementor-element.elementor-element-be724d6{--display:grid;--e-con-grid-template-columns:repeat(2, 1fr);--e-con-grid-template-rows:repeat(1, 1fr);--grid-auto-flow:row;}.elementor-571 .elementor-element.elementor-element-12f3944{--display:flex;}.elementor-widget-image .widget-image-caption{color:var( --e-global-color-text );font-family:var( --e-global-typography-text-font-family ), Sans-serif;font-weight:var( --e-global-typography-text-font-weight );}.elementor-571 .elementor-element.elementor-element-3f1eaca{--display:flex;}@media(max-width:1024px){.elementor-571 .elementor-element.elementor-element-be724d6{--grid-auto-flow:row;}}@media(min-width:768px){.elementor-571 .elementor-element.elementor-element-52e7706d{--width:109.253%;}}@media(max-width:767px){.elementor-571 .elementor-element.elementor-element-be724d6{--e-con-grid-template-columns:repeat(1, 1fr);--grid-auto-flow:row;}}<\/style>\t\t<div data-elementor-type=\"wp-page\" data-elementor-id=\"571\" class=\"elementor elementor-571\">\n\t\t\t\t<div class=\"elementor-element elementor-element-52e7706d e-con-full e-flex e-con e-parent\" data-id=\"52e7706d\" data-element_type=\"container\">\n\t\t\t\t<div class=\"elementor-element elementor-element-48f48b9c elementor-widget__width-initial elementor-widget elementor-widget-text-editor\" data-id=\"48f48b9c\" data-element_type=\"widget\" data-widget_type=\"text-editor.default\">\n\t\t\t\t<div class=\"elementor-widget-container\">\n\t\t\t\t\t\t\t\t\t<h3 class=\"elementor-icon-box-title\">Impact sur la communaut\u00e9<\/h3><p class=\"elementor-icon-box-description\">Notre engagement envers la communaut\u00e9 va encore plus loin, car nous soutenons les enfants des familles les plus d\u00e9munies de Bumbogo et du secteur voisin de Kinyinya en leur offrant des bourses scolaires. Gr\u00e2ce \u00e0 ce programme, les enfants issus de familles vuln\u00e9rables peuvent acc\u00e9der \u00e0 l\u2019\u00e9ducation, ce qui leur ouvre des perspectives d\u2019avenir et contribue au d\u00e9veloppement social de la r\u00e9gion. Par ailleurs, nous organisons des ateliers et des sessions \u00e9ducatives pour les agriculteurs locaux, partageant nos connaissances et encourageant une agriculture durable et rentable dans la r\u00e9gion, cr\u00e9ant ainsi un impact positif durable dans la communaut\u00e9.<\/p>\t\t\t\t\t\t\t\t<\/div>\n\t\t\t\t<\/div>\n\t\t\t\t<\/div>\n\t\t<div class=\"elementor-element elementor-element-be724d6 e-grid e-con-boxed e-con e-parent\" data-id=\"be724d6\" data-element_type=\"container\">\n\t\t\t\t\t<div class=\"e-con-inner\">\n\t\t<div class=\"elementor-element elementor-element-12f3944 e-con-full e-flex e-con e-child\" data-id=\"12f3944\" data-element_type=\"container\">\n\t\t\t\t<div class=\"elementor-element elementor-element-fbdbb99 elementor-widget elementor-widget-image\" data-id=\"fbdbb99\" data-element_type=\"widget\" data-widget_type=\"image.default\">\n\t\t\t\t<div class=\"elementor-widget-container\">\n\t\t\t\t\t\t\t\t\t\t\t\t\t\t\t<img fetchpriority=\"high\" decoding=\"async\" width=\"1024\" height=\"768\" src=\"https:\/\/biotechholland.com\/wp-content\/uploads\/2024\/11\/WhatsApp-Image-2024-11-25-at-8.49.21-PM-1024x768.jpeg\" class=\"attachment-large size-large wp-image-626\" alt=\"\" srcset=\"https:\/\/biotechholland.com\/wp-content\/uploads\/2024\/11\/WhatsApp-Image-2024-11-25-at-8.49.21-PM-1024x768.jpeg 1024w, https:\/\/biotechholland.com\/wp-content\/uploads\/2024\/11\/WhatsApp-Image-2024-11-25-at-8.49.21-PM-300x225.jpeg 300w, https:\/\/biotechholland.com\/wp-content\/uploads\/2024\/11\/WhatsApp-Image-2024-11-25-at-8.49.21-PM-768x576.jpeg 768w, https:\/\/biotechholland.com\/wp-content\/uploads\/2024\/11\/WhatsApp-Image-2024-11-25-at-8.49.21-PM-600x450.jpeg 600w, https:\/\/biotechholland.com\/wp-content\/uploads\/2024\/11\/WhatsApp-Image-2024-11-25-at-8.49.21-PM.jpeg 1080w\" sizes=\"(max-width: 1024px) 100vw, 1024px\" \/>\t\t\t\t\t\t\t\t\t\t\t\t\t\t\t<\/div>\n\t\t\t\t<\/div>\n\t\t\t\t<\/div>\n\t\t<div class=\"elementor-element elementor-element-3f1eaca e-con-full e-flex e-con e-child\" data-id=\"3f1eaca\" data-element_type=\"container\">\n\t\t\t\t<div class=\"elementor-element elementor-element-248912c elementor-widget elementor-widget-image\" data-id=\"248912c\" data-element_type=\"widget\" data-widget_type=\"image.default\">\n\t\t\t\t<div class=\"elementor-widget-container\">\n\t\t\t\t\t\t\t\t\t\t\t\t\t\t\t<img fetchpriority=\"high\" decoding=\"async\" width=\"1024\" height=\"768\" src=\"https:\/\/biotechholland.com\/wp-content\/uploads\/2024\/11\/WhatsApp-Image-2024-11-25-at-8.49.21-PM-1024x768.jpeg\" class=\"attachment-large size-large wp-image-626\" alt=\"\" srcset=\"https:\/\/biotechholland.com\/wp-content\/uploads\/2024\/11\/WhatsApp-Image-2024-11-25-at-8.49.21-PM-1024x768.jpeg 1024w, https:\/\/biotechholland.com\/wp-content\/uploads\/2024\/11\/WhatsApp-Image-2024-11-25-at-8.49.21-PM-300x225.jpeg 300w, https:\/\/biotechholland.com\/wp-content\/uploads\/2024\/11\/WhatsApp-Image-2024-11-25-at-8.49.21-PM-768x576.jpeg 768w, https:\/\/biotechholland.com\/wp-content\/uploads\/2024\/11\/WhatsApp-Image-2024-11-25-at-8.49.21-PM-600x450.jpeg 600w, https:\/\/biotechholland.com\/wp-content\/uploads\/2024\/11\/WhatsApp-Image-2024-11-25-at-8.49.21-PM.jpeg 1080w\" sizes=\"(max-width: 1024px) 100vw, 1024px\" \/>\t\t\t\t\t\t\t\t\t\t\t\t\t\t\t<\/div>\n\t\t\t\t<\/div>\n\t\t\t\t<\/div>\n\t\t\t\t\t<\/div>\n\t\t\t\t<\/div>\n\t\t\t\t<\/div>","protected":false},"excerpt":{"rendered":"<p>Impact on the Community Empowering Bumbogo Through Sustainable Agriculture Biotech Farm Holland actively supports the Bumbogo community by creating jobs and providing eco-friendly farming training. We collaborate with local farmers, sharing our expertise to promote sustainable and rewarding agricultural practices.<\/p>","protected":false},"author":1,"featured_media":0,"parent":0,"menu_order":0,"comment_status":"closed","ping_status":"closed","template":"elementor_header_footer","meta":{"footnotes":""},"class_list":["post-571","page","type-page","status-publish","hentry"],"_links":{"self":[{"href":"https:\/\/biotechholland.com\/fr\/wp-json\/wp\/v2\/pages\/571","targetHints":{"allow":["GET"]}}],"collection":[{"href":"https:\/\/biotechholland.com\/fr\/wp-json\/wp\/v2\/pages"}],"about":[{"href":"https:\/\/biotechholland.com\/fr\/wp-json\/wp\/v2\/types\/page"}],"author":[{"embeddable":true,"href":"https:\/\/biotechholland.com\/fr\/wp-json\/wp\/v2\/users\/1"}],"replies":[{"embeddable":true,"href":"https:\/\/biotechholland.com\/fr\/wp-json\/wp\/v2\/comments?post=571"}],"version-history":[{"count":7,"href":"https:\/\/biotechholland.com\/fr\/wp-json\/wp\/v2\/pages\/571\/revisions"}],"predecessor-version":[{"id":629,"href":"https:\/\/biotechholland.com\/fr\/wp-json\/wp\/v2\/pages\/571\/revisions\/629"}],"wp:attachment":[{"href":"https:\/\/biotechholland.com\/fr\/wp-json\/wp\/v2\/media?parent=571"}],"curies":[{"name":"wp","href":"https:\/\/api.w.org\/{rel}","templated":true}]}}