{"id":392,"date":"2024-11-25T14:26:56","date_gmt":"2024-11-25T14:26:56","guid":{"rendered":"https:\/\/biotechholland.com\/?page_id=392"},"modified":"2024-11-25T14:33:04","modified_gmt":"2024-11-25T14:33:04","slug":"planting-pappers","status":"publish","type":"page","link":"https:\/\/biotechholland.com\/fr\/planting-pappers\/","title":{"rendered":"Plantation des poivrons"},"content":{"rendered":"<style>.elementor-392 .elementor-element.elementor-element-52e7706d{--display:flex;}.elementor-widget-text-editor{font-family:var( --e-global-typography-text-font-family ), Sans-serif;font-weight:var( --e-global-typography-text-font-weight );color:var( --e-global-color-text );}.elementor-widget-text-editor.elementor-drop-cap-view-stacked .elementor-drop-cap{background-color:var( --e-global-color-primary );}.elementor-widget-text-editor.elementor-drop-cap-view-framed .elementor-drop-cap, .elementor-widget-text-editor.elementor-drop-cap-view-default .elementor-drop-cap{color:var( --e-global-color-primary );border-color:var( --e-global-color-primary );}.elementor-widget-image .widget-image-caption{color:var( --e-global-color-text );font-family:var( --e-global-typography-text-font-family ), Sans-serif;font-weight:var( --e-global-typography-text-font-weight );}@media(min-width:768px){.elementor-392 .elementor-element.elementor-element-52e7706d{--content-width:1150px;}}<\/style>\t\t<div data-elementor-type=\"wp-page\" data-elementor-id=\"392\" class=\"elementor elementor-392\">\n\t\t\t\t<div class=\"elementor-element elementor-element-52e7706d e-flex e-con-boxed e-con e-parent\" data-id=\"52e7706d\" data-element_type=\"container\">\n\t\t\t\t\t<div class=\"e-con-inner\">\n\t\t\t\t<div class=\"elementor-element elementor-element-48f48b9c elementor-widget elementor-widget-text-editor\" data-id=\"48f48b9c\" data-element_type=\"widget\" data-widget_type=\"text-editor.default\">\n\t\t\t\t<div class=\"elementor-widget-container\">\n\t\t\t\t\t\t\t\t\t\n<h4><strong>Poivrons respectueux de l'environnement : Riches en vitamines et saveur polyvalente<\/strong><\/h4>\n<p>Les poivrons respectueux de l'environnement de Biotech Farm Holland sont cultiv\u00e9s dans un environnement sain, sans pesticides, garantissant une qualit\u00e9 impeccable et des bienfaits nutritionnels essentiels. Riches en vitamines A, C et en antioxydants, nos poivrons sont un atout pour une alimentation saine, renfor\u00e7ant le syst\u00e8me immunitaire et offrant des bienfaits pour la peau et la vision.<\/p>\n<p>Nous cultivons nos poivrons en utilisant des pratiques durables qui respectent l'environnement, garantissant ainsi un produit frais et savoureux, exempt de produits chimiques. Que ce soit pour des recettes locales, comme les brochettes rwandaises, ou pour des plats internationaux, nos poivrons ajoutent une touche de couleur, de croquant et une saveur douce et l\u00e9g\u00e8rement sucr\u00e9e qui convient \u00e0 toutes les cuisines.<\/p>\n<p>En int\u00e9grant nos poivrons respectueux de l'environnement dans vos repas, vous optez pour un produit \u00e9cologique, cultiv\u00e9 localement avec soin, et id\u00e9al pour enrichir vos plats de mani\u00e8re saine et d\u00e9licieuse.<\/p>\n\t\t\t\t\t\t\t\t<\/div>\n\t\t\t\t<\/div>\n\t\t\t\t<div class=\"elementor-element elementor-element-bb360f1 elementor-widget elementor-widget-image\" data-id=\"bb360f1\" data-element_type=\"widget\" data-widget_type=\"image.default\">\n\t\t\t\t<div class=\"elementor-widget-container\">\n\t\t\t\t\t\t\t\t\t\t\t\t\t\t\t<img fetchpriority=\"high\" decoding=\"async\" width=\"789\" height=\"526\" src=\"https:\/\/biotechholland.com\/wp-content\/uploads\/2024\/11\/2.png\" class=\"attachment-large size-large wp-image-86\" alt=\"\" srcset=\"https:\/\/biotechholland.com\/wp-content\/uploads\/2024\/11\/2.png 789w, https:\/\/biotechholland.com\/wp-content\/uploads\/2024\/11\/2-300x200.png 300w, https:\/\/biotechholland.com\/wp-content\/uploads\/2024\/11\/2-768x512.png 768w, https:\/\/biotechholland.com\/wp-content\/uploads\/2024\/11\/2-600x400.png 600w\" sizes=\"(max-width: 789px) 100vw, 789px\" \/>\t\t\t\t\t\t\t\t\t\t\t\t\t\t\t<\/div>\n\t\t\t\t<\/div>\n\t\t\t\t\t<\/div>\n\t\t\t\t<\/div>\n\t\t\t\t<\/div>","protected":false},"excerpt":{"rendered":"<p>Eco-friendly\u00a0Peppers: Rich in Vitamins and Versatile Flavor Biotech Farm Holland&#8217;s eco-friendly\u00a0peppers are grown in a healthy, pesticide-free environment, ensuring impeccable quality and essential nutritional benefits. Rich in vitamins A, C, and antioxidants, our peppers are an asset to a healthy diet, strengthening the immune system and providing benefits for the skin and vision. We grow [&hellip;]<\/p>","protected":false},"author":1,"featured_media":0,"parent":0,"menu_order":0,"comment_status":"closed","ping_status":"closed","template":"","meta":{"footnotes":""},"class_list":["post-392","page","type-page","status-publish","hentry"],"_links":{"self":[{"href":"https:\/\/biotechholland.com\/fr\/wp-json\/wp\/v2\/pages\/392","targetHints":{"allow":["GET"]}}],"collection":[{"href":"https:\/\/biotechholland.com\/fr\/wp-json\/wp\/v2\/pages"}],"about":[{"href":"https:\/\/biotechholland.com\/fr\/wp-json\/wp\/v2\/types\/page"}],"author":[{"embeddable":true,"href":"https:\/\/biotechholland.com\/fr\/wp-json\/wp\/v2\/users\/1"}],"replies":[{"embeddable":true,"href":"https:\/\/biotechholland.com\/fr\/wp-json\/wp\/v2\/comments?post=392"}],"version-history":[{"count":7,"href":"https:\/\/biotechholland.com\/fr\/wp-json\/wp\/v2\/pages\/392\/revisions"}],"predecessor-version":[{"id":404,"href":"https:\/\/biotechholland.com\/fr\/wp-json\/wp\/v2\/pages\/392\/revisions\/404"}],"wp:attachment":[{"href":"https:\/\/biotechholland.com\/fr\/wp-json\/wp\/v2\/media?parent=392"}],"curies":[{"name":"wp","href":"https:\/\/api.w.org\/{rel}","templated":true}]}}